{"id":5575,"date":"2017-08-08T10:10:12","date_gmt":"2017-08-08T10:10:12","guid":{"rendered":"https:\/\/pofo.themezaa.com\/?page_id=5575"},"modified":"2025-04-28T15:23:16","modified_gmt":"2025-04-28T15:23:16","slug":"contact-us","status":"publish","type":"page","link":"https:\/\/www.maintech-tr.com\/en\/contact-us\/","title":{"rendered":"Contact Us"},"content":{"rendered":"<div class=\"wpb-content-wrapper\"><section data-vc-full-width=\"true\" data-vc-full-width-init=\"false\" data-vc-stretch-content=\"true\" class=\"vc_row wpb_row vc_row-fluid  vc_custom_1743154962678 vc_row-has-fill pofo-stretch-content vc_row-no-padding\"><div class=\"bg-extra-dark-gray bg-overlay\" style=\"opacity:0.6; \"><\/div><div class=\"wpb_column vc_column_container vc_col-sm-12  col-xs-mobile-fullwidth\"><div class=\"vc_column-inner \"><div class=\"wpb_wrapper\"><div class=\"last-paragraph-no-margin\" style=\"color: #EAEAEA;\"><h3 style=\"text-align: center;\"><strong>For Value-Adding Solutions<\/strong><\/h3>\n<h6 style=\"text-align: center;\">Contact Us<\/h6>\n<\/div><\/div><\/div><\/div><\/section><div class=\"vc_row-full-width vc_clearfix\"><\/div><section data-vc-full-width=\"true\" data-vc-full-width-init=\"false\" data-vc-stretch-content=\"true\" class=\"vc_row wpb_row vc_row-fluid  vc_custom_1507626346143 wow fadeIn vc_row-has-fill pofo-stretch-content vc_row-o-equal-height vc_row-o-content-middle vc_row-flex\"><div class=\"wpb_column vc_column_container vc_col-has-fill vc_col-sm-12 vc_col-lg-6 vc_col-md-6 vc_col-xs-12 wow fadeIn pofo-column-responsive-69d772bf649d2\"><div class=\"vc_column-inner cover-background bg-position-center-center vc_custom_1739804459834 no-column-padding\"><div class=\"wpb_wrapper\">[vc_gmaps link=&#8221;#E-8_JTNDaWZyYW1lJTIwc3R5bGUlM0QlMjJib3JkZXIlM0ElMjAwJTNCJTIyJTIwc3JjJTNEJTIyaHR0cHMlM0ElMkYlMkZ3d3cuZ29vZ2xlLmNvbSUyRm1hcHMlMkZlbWJlZCUzRnBiJTNEJTIxMW0xOCUyMTFtMTIlMjExbTMlMjExZDMwMTAuOTYzNzEwOTE1OTYyNiUyMTJkMjkuMDUyMDgxMTc2NDExMjAzJTIxM2Q0MS4wMDQxNjc0NzEzNTExMSUyMTJtMyUyMTFmMCUyMTJmMCUyMTNmMCUyMTNtMiUyMTFpMTAyNCUyMTJpNzY4JTIxNGYxMy4xJTIxM20zJTIxMW0yJTIxMXMweDE0Y2FjN2ZhMzU3ZjYzMzklMjUzQTB4NDA1MGNlODhjMWY0NGM4MSUyMTJzQWthc3lhJTI1MjBUb3BsdSUyNTIwWWFwJTI1QzQlMjVCMSUyNTIwU2l0ZSUyNTIwWSUyNUMzJTI1QjZuZXRpbWklMjE1ZTAlMjEzbTIlMjExc3RyJTIxMnN0ciUyMTR2MTczODkyMDM4MTYyOCUyMTVtMiUyMTFzdHIlMjEyc3RyJTIyJTIwd2lkdGglM0QlMjI4MDAlMjIlMjBoZWlnaHQlM0QlMjI4MDAlMjIlMjBhbGxvd2Z1bGxzY3JlZW4lM0QlMjJhbGxvd2Z1bGxzY3JlZW4lMjIlM0UlM0MlMkZpZnJhbWUlM0U=&#8221; css=&#8221;&#8221;]<\/div><\/div><\/div><div class=\"wpb_column vc_column_container vc_col-has-fill vc_col-sm-12 vc_col-lg-6 vc_col-md-6 vc_col-xs-12 wow fadeIn text-center pofo-column-responsive-69d772bf64a95\"><div class=\"vc_column-inner vc_custom_1741262995362\"><div class=\"wpb_wrapper\"><div class=\"vc_row wpb_row vc_inner vc_row-fluid  vc_custom_1742378988274 pofo-inner-row-responsive-69d772bf64b23\"><div class=\"wpb_column vc_column_container vc_col-sm-12  col-xs-mobile-fullwidth text-left\"><div class=\"vc_column-inner \"><div class=\"wpb_wrapper\"><h5 class=\"text-extra-dark-gray margin-20px-bottom font-weight-600 display-inline-block alt-font text-uppercase heading-style2  vc_custom_1745853705154 pofo-button-responsive-69d772bf64c7b  heading-1\"  style=\"color: #151515;\">Send Message<\/h5>\n<div class=\"wpcf7 no-js\" id=\"wpcf7-f2941-o1\" lang=\"en-US\" dir=\"ltr\" data-wpcf7-id=\"2941\">\n<div class=\"screen-reader-response\"><p role=\"status\" aria-live=\"polite\" aria-atomic=\"true\"><\/p> <ul><\/ul><\/div>\n<form action=\"\/en\/wp-json\/wp\/v2\/pages\/5575#wpcf7-f2941-o1\" method=\"post\" class=\"wpcf7-form init\" aria-label=\"Contact form\" novalidate=\"novalidate\" data-status=\"init\">\n<div style=\"display: none;\">\n<input type=\"hidden\" name=\"_wpcf7\" value=\"2941\" \/>\n<input type=\"hidden\" name=\"_wpcf7_version\" value=\"6.0.6\" \/>\n<input type=\"hidden\" name=\"_wpcf7_locale\" value=\"en_US\" \/>\n<input type=\"hidden\" name=\"_wpcf7_unit_tag\" value=\"wpcf7-f2941-o1\" \/>\n<input type=\"hidden\" name=\"_wpcf7_container_post\" value=\"0\" \/>\n<input type=\"hidden\" name=\"_wpcf7_posted_data_hash\" value=\"\" \/>\n<\/div>\n<div class=\"col-md-6 col-sm-12 contact\">\n\t<p><span class=\"wpcf7-form-control-wrap\" data-name=\"contact-name\"><input size=\"40\" maxlength=\"400\" class=\"wpcf7-form-control wpcf7-text wpcf7-validates-as-required bg-transparent border-color-medium-dark-gray medium-input\" aria-required=\"true\" aria-invalid=\"false\" placeholder=\"Your First and Last Name *\" value=\"\" type=\"text\" name=\"contact-name\" \/><\/span>\n\t<\/p>\n<\/div>\n<div class=\"col-md-6 col-sm-12 contact\">\n\t<p><span class=\"wpcf7-form-control-wrap\" data-name=\"contact-phone\"><input size=\"40\" maxlength=\"400\" class=\"wpcf7-form-control wpcf7-text wpcf7-validates-as-required bg-transparent border-color-medium-dark-gray medium-input\" aria-required=\"true\" aria-invalid=\"false\" placeholder=\"Your Phone Number *\" value=\"\" type=\"text\" name=\"contact-phone\" \/><\/span>\n\t<\/p>\n<\/div>\n<div class=\"col-md-6 col-sm-12 contact\">\n\t<p><span class=\"wpcf7-form-control-wrap\" data-name=\"contact-email\"><input size=\"40\" maxlength=\"400\" class=\"wpcf7-form-control wpcf7-email wpcf7-validates-as-required wpcf7-text wpcf7-validates-as-email bg-transparent border-color-medium-dark-gray medium-input\" aria-required=\"true\" aria-invalid=\"false\" placeholder=\"Your Email Address *\" value=\"\" type=\"email\" name=\"contact-email\" \/><\/span>\n\t<\/p>\n<\/div>\n<div class=\"col-md-6 col-sm-12 contact\">\n\t<p><span class=\"wpcf7-form-control-wrap\" data-name=\"subject\"><input size=\"40\" maxlength=\"400\" class=\"wpcf7-form-control wpcf7-text wpcf7-validates-as-required bg-transparent border-color-medium-dark-gray medium-input\" aria-required=\"true\" aria-invalid=\"false\" placeholder=\"Subject *\" value=\"\" type=\"text\" name=\"subject\" \/><\/span>\n\t<\/p>\n<\/div>\n<div class=\"col-md-12 col-sm-12 contact\">\n\t<p><span class=\"wpcf7-form-control-wrap\" data-name=\"contact-message\"><textarea cols=\"40\" rows=\"6\" maxlength=\"2000\" class=\"wpcf7-form-control wpcf7-textarea xs-margin-20px-bottom bg-transparent border-color-medium-dark-gray medium-textarea\" aria-invalid=\"false\" placeholder=\"Your Message\" name=\"contact-message\"><\/textarea><\/span>\n\t<\/p>\n<\/div>\n<p>* Fields marked with are required.<br \/>\n<span class=\"wpcf7-form-control-wrap\" data-name=\"checkbox-39\"><span class=\"wpcf7-form-control wpcf7-checkbox wpcf7-validates-as-required\"><span class=\"wpcf7-list-item first last\"><label><input type=\"checkbox\" name=\"checkbox-39[]\" value=\"I have read the Information Clarification Text.\" \/><span class=\"wpcf7-list-item-label\">I have read the Information Clarification Text.<\/span><\/label><\/span><\/span><\/span><br \/>\n<span class=\"wpcf7-form-control-wrap\" data-name=\"checkbox-39\"><span class=\"wpcf7-form-control wpcf7-checkbox wpcf7-validates-as-required\"><span class=\"wpcf7-list-item first last\"><label><input type=\"checkbox\" name=\"checkbox-39[]\" value=\"I have read the Explicit Consent Text and I give my explicit consent in accordance with this text.\" \/><span class=\"wpcf7-list-item-label\">I have read the Explicit Consent Text and I give my explicit consent in accordance with this text.<\/span><\/label><\/span><\/span><\/span><br \/>\n<span class=\"wpcf7-form-control-wrap\" data-name=\"checkbox-39\"><span class=\"wpcf7-form-control wpcf7-checkbox wpcf7-validates-as-required\"><span class=\"wpcf7-list-item first last\"><label><input type=\"checkbox\" name=\"checkbox-39[]\" value=\"I have read the Commercial Communication Consent Text and I give my explicit consent in accordance with this text.\" \/><span class=\"wpcf7-list-item-label\">I have read the Commercial Communication Consent Text and I give my explicit consent in accordance with this text.<\/span><\/label><\/span><\/span><\/span>\n<\/p>\n<div class=\"col-md-12 sm-clear-both contact\">\n\t<p><input class=\"wpcf7-form-control wpcf7-submit has-spinner btn btn-deep-pink btn-rounded btn-medium\" type=\"submit\" value=\"Send\" \/>\n\t<\/p>\n<\/div><div class=\"wpcf7-response-output\" aria-hidden=\"true\"><\/div>\n<\/form>\n<\/div>\n<\/div><\/div><\/div><\/div><\/div><\/div><\/div><\/section><div class=\"vc_row-full-width vc_clearfix\"><\/div><section data-vc-full-width=\"true\" data-vc-full-width-init=\"false\" data-vc-stretch-content=\"true\" class=\"vc_row wpb_row vc_row-fluid  vc_custom_1739866842084 wow fadeIn vc_row-has-fill pofo-stretch-content vc_row-no-padding\"><div class=\"wpb_column vc_column_container vc_col-sm-12  col-xs-mobile-fullwidth\"><div class=\"vc_column-inner \"><div class=\"wpb_wrapper\"><div class=\"vc_row wpb_row vc_inner vc_row-fluid  vc_custom_1739804534724\"><div class=\"wpb_column vc_column_container vc_col-sm-2 vc_col-lg-3 vc_col-md-3 vc_hidden-xs col-xs-mobile-fullwidth\"><div class=\"vc_column-inner \"><div class=\"wpb_wrapper\"><\/div><\/div><\/div><div class=\"wpb_column vc_column_container vc_col-sm-8 vc_col-lg-6 vc_col-md-6 vc_col-xs-12 text-center pofo-column-responsive-69d772bf65ed8\"><div class=\"vc_column-inner \"><div class=\"wpb_wrapper\"><h5 class=\"text-extra-dark-gray margin-20px-bottom font-weight-600 display-inline-block alt-font text-uppercase heading-style2  heading-2\"  style=\"font-weight: 700;\">Contact<\/h5><\/div><\/div><\/div><div class=\"wpb_column vc_column_container vc_col-sm-2 vc_col-lg-3 vc_col-md-3 vc_hidden-xs col-xs-mobile-fullwidth\"><div class=\"vc_column-inner \"><div class=\"wpb_wrapper\"><\/div><\/div><\/div><\/div><div class=\"vc_row wpb_row vc_inner vc_row-fluid  vc_custom_1739804551094 pofo-inner-row-responsive-69d772bf65fd1\"><div class=\"wpb_column vc_column_container vc_col-sm-6 vc_col-md-3 vc_col-xs-12 wow fadeInUp text-center pofo-column-responsive-69d772bf66060\"><div class=\"vc_column-inner \"><div class=\"wpb_wrapper\"><div class=\"featurebox21 pofo-featurebox  vc_custom_1745853727527 featurebox21-1\" ><div class=\"display-inline-block margin-25px-bottom sm-margin-15px-bottom xs-margin-10px-bottom\"><div class=\"bg-extra-dark-gray icon-round-medium\" style=\"background-color:#222F69; \"><i class=\"link-icon display-block icon-map-pin icon-medium\"><\/i><\/div><\/div><span class=\"text-extra-dark-gray display-inline-block width-100 text-small font-weight-600 alt-font margin-5px-bottom\" style=\"font-size: 20px; font-weight: 500;\" data-fontsize=\"20px\">Address<\/span><div class=\"xs-margin-10px-bottom center-col last-paragraph-no-margin\"><p class=\"p1\">Ac\u0131badem Mah. \u00c7e\u00e7en Sok. Akasya Ac\u0131badem Evleri A1 Blok D\u0131\u015f Kap\u0131 No:25 \/ A Kat : 25 D: 143 \u00dcsk\u00fcdar \/ \u0130stanbul \/ T\u00fcrkiye<\/p>\n<\/div><\/div><\/div><\/div><\/div><div class=\"wpb_column vc_column_container vc_col-sm-6 vc_col-md-3 vc_col-xs-12 wow fadeInUp text-center pofo-column-responsive-69d772bf69a89\" data-wow-delay= 200ms><div class=\"vc_column-inner \"><div class=\"wpb_wrapper\"><div class=\"featurebox21 pofo-featurebox featurebox21-2\" ><div class=\"display-inline-block margin-25px-bottom sm-margin-15px-bottom xs-margin-10px-bottom\"><div class=\"bg-extra-dark-gray icon-round-medium\" style=\"background-color:#222F69; \"><i class=\"link-icon display-block icon-chat icon-medium\"><\/i><\/div><\/div><span class=\"text-extra-dark-gray display-inline-block width-100 text-small font-weight-600 alt-font margin-5px-bottom\" style=\"font-size: 20px; font-weight: 500;\" data-fontsize=\"20px\">Phone<\/span><div class=\"xs-margin-10px-bottom center-col last-paragraph-no-margin\"><p class=\"p1\">0216 532 44 74<br \/>\nFax : 0216 532 44 75<\/p>\n<\/div><\/div><\/div><\/div><\/div><div class=\"wpb_column vc_column_container vc_col-sm-6 vc_col-md-3 vc_col-xs-12 sm-clear-both wow fadeInUp text-center\" data-wow-delay= 400ms data-clear-both=\"sm-clear-both\"><div class=\"vc_column-inner \"><div class=\"wpb_wrapper\"><div class=\"featurebox21 pofo-featurebox featurebox21-3\" ><div class=\"display-inline-block margin-25px-bottom sm-margin-15px-bottom xs-margin-10px-bottom\"><div class=\"bg-extra-dark-gray icon-round-medium\" style=\"background-color:#222F69; \"><i class=\"link-icon display-block icon-envelope icon-medium\"><\/i><\/div><\/div><span class=\"text-extra-dark-gray display-inline-block width-100 text-small font-weight-600 alt-font margin-5px-bottom\" style=\"font-size: 20px; font-weight: 500;\" data-fontsize=\"20px\">E-Mail Address<\/span><div class=\"xs-margin-10px-bottom center-col last-paragraph-no-margin\"><p><a href=\"mailto:info@maintech-tr.com\">info@maintech-tr.com<\/a><\/p>\n<\/div><\/div><\/div><\/div><\/div><div class=\"wpb_column vc_column_container vc_col-sm-6 vc_col-md-3 vc_col-xs-12 wow fadeInUp text-center\" data-wow-delay= 600ms><div class=\"vc_column-inner \"><div class=\"wpb_wrapper\"><div class=\"featurebox21 pofo-featurebox featurebox21-4\" ><div class=\"display-inline-block margin-25px-bottom sm-margin-15px-bottom xs-margin-10px-bottom\"><div class=\"bg-extra-dark-gray icon-round-medium\" style=\"background-color:#222F69; \"><i class=\"link-icon display-block icon-megaphone icon-medium\"><\/i><\/div><\/div><span class=\"text-extra-dark-gray display-inline-block width-100 text-small font-weight-600 alt-font margin-5px-bottom\" style=\"font-size: 20px; font-weight: 500;\" data-fontsize=\"20px\">Working Hours<\/span><div class=\"xs-margin-10px-bottom center-col last-paragraph-no-margin\"><p>Monday &#8211; Saturday<br \/>\n09:00 &#8211; 18:00<\/p>\n<\/div><\/div><\/div><\/div><\/div><\/div><\/div><\/div><\/div><\/section><div class=\"vc_row-full-width vc_clearfix\"><\/div>\n<\/div>","protected":false},"excerpt":{"rendered":"For Value-Adding Solutions Contact Us [vc_gmaps link=\"#E-8_JTNDaWZyYW1lJTIwc3R5bGUlM0QlMjJib3JkZXIlM0ElMjAwJTNCJTIyJTIwc3JjJTNEJTIyaHR0cHMlM0ElMkYlMkZ3d3cuZ29vZ2xlLmNvbSUyRm1hcHMlMkZlbWJlZCUzRnBiJTNEJTIxMW0xOCUyMTFtMTIlMjExbTMlMjExZDMwMTAuOTYzNzEwOTE1OTYyNiUyMTJkMjkuMDUyMDgxMTc2NDExMjAzJTIxM2Q0MS4wMDQxNjc0NzEzNTExMSUyMTJtMyUyMTFmMCUyMTJmMCUyMTNmMCUyMTNtMiUyMTFpMTAyNCUyMTJpNzY4JTIxNGYxMy4xJTIxM20zJTIxMW0yJTIxMXMweDE0Y2FjN2ZhMzU3ZjYzMzklMjUzQTB4NDA1MGNlODhjMWY0NGM4MSUyMTJzQWthc3lhJTI1MjBUb3BsdSUyNTIwWWFwJTI1QzQlMjVCMSUyNTIwU2l0ZSUyNTIwWSUyNUMzJTI1QjZuZXRpbWklMjE1ZTAlMjEzbTIlMjExc3RyJTIxMnN0ciUyMTR2MTczODkyMDM4MTYyOCUyMTVtMiUyMTFzdHIlMjEyc3RyJTIyJTIwd2lkdGglM0QlMjI4MDAlMjIlMjBoZWlnaHQlM0QlMjI4MDAlMjIlMjBhbGxvd2Z1bGxzY3JlZW4lM0QlMjJhbGxvd2Z1bGxzY3JlZW4lMjIlM0UlM0MlMkZpZnJhbWUlM0U=\" css=\"\"]Send Message * Fields marked with are required. I have read the Information Clarification Text. I have read the Explicit Consent Text and I give my explicit consent in accordance with this text. I have read the Commercial Communication Consent Text and I give my explicit consent in accordance with this text. ContactAddressAc\u0131badem Mah. \u00c7e\u00e7en Sok. Akasya Ac\u0131badem Evleri A1 Blok D\u0131\u015f Kap\u0131 No:25 \/ A Kat : 25 D: 143 \u00dcsk\u00fcdar \/ \u0130stanbul \/ T\u00fcrkiye Phone0216 532 44 74 Fax : 0216 532 44 75 E-Mail Addressinfo@maintech-tr.com Working HoursMonday - Saturday 09:00 - 18:00","protected":false},"author":1,"featured_media":0,"parent":0,"menu_order":0,"comment_status":"closed","ping_status":"closed","template":"","meta":{"footnotes":""},"class_list":["post-5575","page","type-page","status-publish","hentry"],"_links":{"self":[{"href":"https:\/\/www.maintech-tr.com\/en\/wp-json\/wp\/v2\/pages\/5575","targetHints":{"allow":["GET"]}}],"collection":[{"href":"https:\/\/www.maintech-tr.com\/en\/wp-json\/wp\/v2\/pages"}],"about":[{"href":"https:\/\/www.maintech-tr.com\/en\/wp-json\/wp\/v2\/types\/page"}],"author":[{"embeddable":true,"href":"https:\/\/www.maintech-tr.com\/en\/wp-json\/wp\/v2\/users\/1"}],"replies":[{"embeddable":true,"href":"https:\/\/www.maintech-tr.com\/en\/wp-json\/wp\/v2\/comments?post=5575"}],"version-history":[{"count":38,"href":"https:\/\/www.maintech-tr.com\/en\/wp-json\/wp\/v2\/pages\/5575\/revisions"}],"predecessor-version":[{"id":23299,"href":"https:\/\/www.maintech-tr.com\/en\/wp-json\/wp\/v2\/pages\/5575\/revisions\/23299"}],"wp:attachment":[{"href":"https:\/\/www.maintech-tr.com\/en\/wp-json\/wp\/v2\/media?parent=5575"}],"curies":[{"name":"wp","href":"https:\/\/api.w.org\/{rel}","templated":true}]}}